{"id":16559,"date":"2021-11-19T07:14:58","date_gmt":"2021-11-19T06:14:58","guid":{"rendered":"https:\/\/rk.alisaleme.de\/impressum\/"},"modified":"2023-07-25T19:02:09","modified_gmt":"2023-07-25T18:02:09","slug":"imprint","status":"publish","type":"page","link":"https:\/\/www.ralfkellenberger.com\/en\/imprint\/","title":{"rendered":"Imprint"},"content":{"rendered":"\t\t<div data-elementor-type=\"wp-page\" data-elementor-id=\"16559\" class=\"elementor elementor-16559 elementor-12\" data-elementor-post-type=\"page\">\n\t\t\t\t\t\t<section class=\"elementor-section elementor-top-section elementor-element elementor-element-32ca4852 elementor-section-boxed elementor-section-height-default elementor-section-height-default\" data-id=\"32ca4852\" data-element_type=\"section\">\n\t\t\t\t\t\t<div class=\"elementor-container elementor-column-gap-default\">\n\t\t\t\t\t<div class=\"elementor-column elementor-col-100 elementor-top-column elementor-element elementor-element-4d4b966\" data-id=\"4d4b966\" data-element_type=\"column\">\n\t\t\t<div class=\"elementor-widget-wrap elementor-element-populated\">\n\t\t\t\t\t\t<div class=\"elementor-element elementor-element-6f073a4 elementor-widget elementor-widget-text-editor\" data-id=\"6f073a4\" data-element_type=\"widget\" data-widget_type=\"text-editor.default\">\n\t\t\t\t<div class=\"elementor-widget-container\">\n\t\t\t<style>\/*! elementor - v3.23.0 - 05-08-2024 *\/\n.elementor-widget-text-editor.elementor-drop-cap-view-stacked .elementor-drop-cap{background-color:#69727d;color:#fff}.elementor-widget-text-editor.elementor-drop-cap-view-framed .elementor-drop-cap{color:#69727d;border:3px solid;background-color:transparent}.elementor-widget-text-editor:not(.elementor-drop-cap-view-default) .elementor-drop-cap{margin-top:8px}.elementor-widget-text-editor:not(.elementor-drop-cap-view-default) .elementor-drop-cap-letter{width:1em;height:1em}.elementor-widget-text-editor .elementor-drop-cap{float:left;text-align:center;line-height:1;font-size:50px}.elementor-widget-text-editor .elementor-drop-cap-letter{display:inline-block}<\/style>\t\t\t\t<h1>Imprint<\/h1>\t\t\t\t\t\t<\/div>\n\t\t\t\t<\/div>\n\t\t\t\t\t<\/div>\n\t\t<\/div>\n\t\t\t\t\t<\/div>\n\t\t<\/section>\n\t\t\t\t<section class=\"elementor-section elementor-top-section elementor-element elementor-element-f212dc9 elementor-section-boxed elementor-section-height-default elementor-section-height-default\" data-id=\"f212dc9\" data-element_type=\"section\">\n\t\t\t\t\t\t<div class=\"elementor-container elementor-column-gap-default\">\n\t\t\t\t\t<div class=\"elementor-column elementor-col-50 elementor-top-column elementor-element elementor-element-caf5efb\" data-id=\"caf5efb\" data-element_type=\"column\">\n\t\t\t<div class=\"elementor-widget-wrap elementor-element-populated\">\n\t\t\t\t\t\t<div class=\"elementor-element elementor-element-2c6b742 elementor-widget elementor-widget-text-editor\" data-id=\"2c6b742\" data-element_type=\"widget\" data-widget_type=\"text-editor.default\">\n\t\t\t\t<div class=\"elementor-widget-container\">\n\t\t\t\t\t\t\t<p><strong>RALF KELLENBERGER<\/strong><br \/>Owner\/Managing Director:<br \/>Ralf Kellenberger <br \/>Bethmannstra\u00dfe 7-9 <br \/>60311 Frankfurt \/ Main<\/p><p>Phone: +49 (0)172-3968582<br \/>Mail: info@ralfkellenberger.com <br \/>USt-IdNr.: DE257586606<\/p><p>Responsible for the content:<br \/>Ralf Kellenberger<\/p>\t\t\t\t\t\t<\/div>\n\t\t\t\t<\/div>\n\t\t\t\t\t<\/div>\n\t\t<\/div>\n\t\t\t\t<div class=\"elementor-column elementor-col-50 elementor-top-column elementor-element elementor-element-d7003a6\" data-id=\"d7003a6\" data-element_type=\"column\">\n\t\t\t<div class=\"elementor-widget-wrap elementor-element-populated\">\n\t\t\t\t\t\t<div class=\"elementor-element elementor-element-0c778fe elementor-widget elementor-widget-text-editor\" data-id=\"0c778fe\" data-element_type=\"widget\" data-widget_type=\"text-editor.default\">\n\t\t\t\t<div class=\"elementor-widget-container\">\n\t\t\t\t\t\t\t<div>\n<div>\n<p><b>Disclaimer<\/b><br>Despite careful content control, we assume no liability for the content of external links. The operators of the linked pages are solely responsible for their content.<\/p>\n<p><br><\/p>\n<\/div>\n<\/div>\n<div>\n<div>\n<p><b>Resolution of Disputes<br><\/b>We are ready to settle disputes with consumers before the following consumer arbitration board. Consumers can contact the following consumer arbitration board:<\/p>\n<p>Allgemeine Verbraucherschlichtungsstelle<br>des Zentrums f\u00fcr Schlichtung e.V.<br>Stra\u00dfburger Stra\u00dfe 8<br>77694 Kehl am Rhein<br><a href=\"https:\/\/www.verbraucher-schlichter.de\/\" target=\"_blank\" rel=\"noopener\">https:\/\/www.verbraucher-schlichter.de\/<\/a><br><br><\/p>\n<\/div>\n<\/div>\n<div data-alignment=\"default\">\n<div data-width=\"20%\" data-animate=\"\" data-animation-delay=\"\" data-color=\"default\">\n<\/div>\n<\/div>\n<div>\n<div>\n<p><b>Realisation:<\/b><br><a href=\"mailto:hallo@alisaleme.de\">Ali Saleme<\/a><\/p>\n<\/div>\n<\/div>\t\t\t\t\t\t<\/div>\n\t\t\t\t<\/div>\n\t\t\t\t\t<\/div>\n\t\t<\/div>\n\t\t\t\t\t<\/div>\n\t\t<\/section>\n\t\t\t\t<\/div>\n\t\t","protected":false},"excerpt":{"rendered":"<p>Imprint RALF KELLENBERGEROwner\/Managing Director:Ralf Kellenberger Bethmannstra\u00dfe 7-9 60311 Frankfurt \/ Main Phone: +49 (0)172-3968582Mail: info@ralfkellenberger.com USt-IdNr.: DE257586606 Responsible for the content:Ralf Kellenberger DisclaimerDespite careful content control, we assume no liability for the content of external links. The operators of the linked pages are solely responsible for their content. Resolution of DisputesWe are ready to settle&#8230;<\/p>\n","protected":false},"author":2,"featured_media":0,"parent":0,"menu_order":0,"comment_status":"closed","ping_status":"closed","template":"","meta":{"footnotes":""},"class_list":["post-16559","page","type-page","status-publish","hentry"],"_links":{"self":[{"href":"https:\/\/www.ralfkellenberger.com\/en\/wp-json\/wp\/v2\/pages\/16559","targetHints":{"allow":["GET"]}}],"collection":[{"href":"https:\/\/www.ralfkellenberger.com\/en\/wp-json\/wp\/v2\/pages"}],"about":[{"href":"https:\/\/www.ralfkellenberger.com\/en\/wp-json\/wp\/v2\/types\/page"}],"author":[{"embeddable":true,"href":"https:\/\/www.ralfkellenberger.com\/en\/wp-json\/wp\/v2\/users\/2"}],"replies":[{"embeddable":true,"href":"https:\/\/www.ralfkellenberger.com\/en\/wp-json\/wp\/v2\/comments?post=16559"}],"version-history":[{"count":56,"href":"https:\/\/www.ralfkellenberger.com\/en\/wp-json\/wp\/v2\/pages\/16559\/revisions"}],"predecessor-version":[{"id":23213,"href":"https:\/\/www.ralfkellenberger.com\/en\/wp-json\/wp\/v2\/pages\/16559\/revisions\/23213"}],"wp:attachment":[{"href":"https:\/\/www.ralfkellenberger.com\/en\/wp-json\/wp\/v2\/media?parent=16559"}],"curies":[{"name":"wp","href":"https:\/\/api.w.org\/{rel}","templated":true}]}}